{"id":21,"date":"2020-01-12T14:52:25","date_gmt":"2020-01-12T13:52:25","guid":{"rendered":"http:\/\/192.168.1.3\/TeamDeLux\/site\/?page_id=21"},"modified":"2026-02-12T14:52:06","modified_gmt":"2026-02-12T13:52:06","slug":"brm","status":"publish","type":"page","link":"https:\/\/www.teamdelux.be\/v2\/brm\/","title":{"rendered":"BRM"},"content":{"rendered":"<p>Les Brevets Randonneurs Mondiaux sont des randonn\u00e9es cyclistes \u00e0\u00a0 allure libre de 200, 300, 400, 600 ou 1000 km \u00e0\u00a0 accomplir en autonomie sur des parcours non fl\u00e9ch\u00e9s valid\u00e9s par l&rsquo;<a href=\"http:\/\/www.audax-club-parisien.com\/FR\/312%20-%20R%C3%A9glement%20des%20BRM%20France.html\" target=\"_blank\" rel=\"noopener\">Audax Club Parisien<\/a>.<br \/>En Belgique, ils sont chapeaut\u00e9s par <a href=\"http:\/\/www.randonneurs.be\/page\/home\" target=\"_blank\" rel=\"noopener\">Randonneurs.be<\/a>, et le r\u00e8glement se trouve <a href=\"http:\/\/files.webklik.nl\/user_files\/2009_12\/85505\/Reglement\/BRM%20REGLEMENT.pdf\" target=\"_blank\" rel=\"noopener\">ici.<\/a><br \/>2026 n&rsquo;est pas une ann\u00e9e de Paris-Brest-Paris, alors Team de Lux ne vous propose que le classique BRM 200 Jos\u00e9 Cambrai le 21 mars et le BRM 600 (valable pour le challenge Randonneur 10.000 de l\u2019Audax Club Parisien) le 14 mai.<\/p>\n\n\n<p><\/p>\n","protected":false},"excerpt":{"rendered":"<p>Les Brevets Randonneurs Mondiaux sont des randonn\u00e9es cyclistes \u00e0\u00a0 allure libre de 200, 300, 400, 600 ou 1000 km \u00e0\u00a0 accomplir en autonomie sur des parcours non fl\u00e9ch\u00e9s valid\u00e9s par l&rsquo;Audax Club Parisien.En Belgique, ils sont chapeaut\u00e9s par Randonneurs.be, et le r\u00e8glement se trouve ici.2026 n&rsquo;est pas une ann\u00e9e de Paris-Brest-Paris, alors Team de Lux &hellip; <a href=\"https:\/\/www.teamdelux.be\/v2\/brm\/\" class=\"more-link\">Continuer la lecture de <span class=\"screen-reader-text\">BRM<\/span> <span class=\"meta-nav\">&rarr;<\/span><\/a><\/p>\n","protected":false},"author":1,"featured_media":0,"parent":0,"menu_order":0,"comment_status":"closed","ping_status":"closed","template":"","meta":{"footnotes":""},"class_list":["post-21","page","type-page","status-publish","hentry"],"_links":{"self":[{"href":"https:\/\/www.teamdelux.be\/v2\/wp-json\/wp\/v2\/pages\/21","targetHints":{"allow":["GET"]}}],"collection":[{"href":"https:\/\/www.teamdelux.be\/v2\/wp-json\/wp\/v2\/pages"}],"about":[{"href":"https:\/\/www.teamdelux.be\/v2\/wp-json\/wp\/v2\/types\/page"}],"author":[{"embeddable":true,"href":"https:\/\/www.teamdelux.be\/v2\/wp-json\/wp\/v2\/users\/1"}],"replies":[{"embeddable":true,"href":"https:\/\/www.teamdelux.be\/v2\/wp-json\/wp\/v2\/comments?post=21"}],"version-history":[{"count":18,"href":"https:\/\/www.teamdelux.be\/v2\/wp-json\/wp\/v2\/pages\/21\/revisions"}],"predecessor-version":[{"id":1116,"href":"https:\/\/www.teamdelux.be\/v2\/wp-json\/wp\/v2\/pages\/21\/revisions\/1116"}],"wp:attachment":[{"href":"https:\/\/www.teamdelux.be\/v2\/wp-json\/wp\/v2\/media?parent=21"}],"curies":[{"name":"wp","href":"https:\/\/api.w.org\/{rel}","templated":true}]}}