{"id":62,"date":"2024-01-31T13:48:22","date_gmt":"2024-01-31T12:48:22","guid":{"rendered":"http:\/\/192.168.1.3\/TeamDeLux\/site\/?page_id=62"},"modified":"2026-02-12T14:50:57","modified_gmt":"2026-02-12T13:50:57","slug":"brm-200","status":"publish","type":"page","link":"https:\/\/www.teamdelux.be\/v2\/brm\/brm-200\/","title":{"rendered":"BRM 200 : La Jos\u00e9 Cambrai"},"content":{"rendered":"\n<div class=\"wp-block-columns is-layout-flex wp-container-core-columns-is-layout-9d6595d7 wp-block-columns-is-layout-flex\">\n<div class=\"wp-block-column is-layout-flow wp-block-column-is-layout-flow\" style=\"flex-basis:100%\">\n<p><strong>Le trac\u00e9 a \u00e9t\u00e9 quelque peu modifi\u00e9 par rapport aux \u00e9ditions pr\u00e9c\u00e9dentes, afin d&rsquo;\u00e9viter des axes trop fr\u00e9quent\u00e9s.  <br\/><\/strong><\/p>\n<\/p>\n<p>Nouveaut\u00e9 de 2026 : pour ceux qui voudraient rouler mais ne veulent\/peuvent pas faire les 200 kms du BRM, nous proposons une version plus courte de 110 kms dont les 60 premiers kms sont communs (voir en bas de page).\n<p>Rappels fondamentaux (r\u00e8glement complet <a href=\"https:\/\/randonneurs.be\/fr\/reglement-brm\/\" target=\"_blank\" rel=\"noopener\">ici<\/a>) :<\/p>\n\n<ol>\n<li>Chaque participant est consid\u00e9r\u00e9 comme \u00e9tant <em><strong>en excursion personnelle<\/strong><\/em>, il doit respecter le code de la route et toute signalisation officielle. Team de Lux ne peut en aucun cas \u00eatre tenu pour responsable des accidents qui pourraient survenir lors d&rsquo;une sortie propos\u00e9e.<\/li>\n<li>Pour la circulation de nuit, les machines doivent \u00eatre munies d&rsquo;<em><strong>\u00e9clairage avant et arri\u00e8re<\/strong><\/em> fix\u00e9s solidement et en constant \u00e9tat de marche (pr\u00e9voir des ampoules de rechange; un double moyen d&rsquo;\u00e9clairage est pr\u00e9conis\u00e9). L\u2019\u00e9clairage arri\u00e8re totalement clignotant est interdit. Chaque cycliste est tenu de brancher sa lumi\u00e8re d\u00e8s la tomb\u00e9e de la nuit, ainsi qu&rsquo;\u00e0 tout moment o\u00f9 la visibilit\u00e9 n&rsquo;est pas suffisante (pluie, brouillard, &#8230;), m\u00eame en groupe, <em><strong>chacun doit \u00eatre \u00e9clair\u00e9<\/strong><\/em>. De nuit, les v\u00eatements clairs et les brassards r\u00e9fl\u00e9chissants sont recommand\u00e9s, et le <em><strong>port d&rsquo;une chasuble r\u00e9fl\u00e9chissante est obligatoire.<\/strong><\/em><\/li>\n<li>\u00a0Les organisations du Team de Lux sont des Brevets \u00e0 allure libre, mais sp\u00e9cialement \u00e0 l&rsquo;attention des n\u00e9ophytes, nous offrons la possibilit\u00e9 de rouler en groupe par niveau.<\/li>\n<\/ol>\n<p>Pour gagner du temps, vous pouvez t\u00e9l\u00e9charger le bulletin d&rsquo;inscription <a href=\"https:\/\/randonneurs.be\/fr\/formulaire-dinscription\/\" target=\"_blank\" rel=\"noopener\">ici<\/a> et l&rsquo;amener rempli, ou encore vous pr\u00e9-inscrire sur <a href=\"https:\/\/www.mybrevet.cc\/fr\" target=\"_blank\" rel=\"noopener\"> MyBrevet.cc<\/a><\/p>\n<p>Depuis sa cr\u00e9ation, Team de Lux soutient le Centre Eclore, une structure hospitali\u00e8re de traitement situ\u00e9 \u00e0 l\u2019h\u00f4pital de Libramont, qui a pour mission la <strong>prise en charge th\u00e9rapeutique multidisciplinaire d&rsquo;enfants pr\u00e9sentant des d\u00e9ficits moteurs ou neuromoteurs<\/strong> d\u2019origines diverses depuis la naissance jusqu\u2019\u00e0 l\u2019\u00e2ge de 18 ans <a href=\"https:\/\/www.vivalia.be\/centre-eclore-libramont\" target=\"_blank\" rel=\"noopener\">(site internet)<\/a>.\u00a0 Nous leur versons l&rsquo;int\u00e9gralit\u00e9 de nos b\u00e9n\u00e9fices, ainsi que l&rsquo;int\u00e9gralit\u00e9 des contrats de sponsoring.<\/p>\n<table style=\"height: 250px;\" width=\"550\">\n<tbody>\n<tr style=\"height: 1.23334px;\">\n<td style=\"height: 1.23334px;\">\u00a0\u00a0\u00a0 INFORMATIONS<\/td>\n<td style=\"height: 1.23334px;\"><a href=\"http:\/\/www.teamdelux.be\/v2\/wp-content\/uploads\/BRM200-Infos-1.pdf\" target=\"_blank\" rel=\"noopener\"><img loading=\"lazy\" decoding=\"async\" class=\"aligncenter wp-image-233 size-full\" src=\"http:\/\/www.teamdelux.be\/v2\/wp-content\/uploads\/pdf.png\" alt=\"PDF\" width=\"79\" height=\"60\" \/><\/a><\/td>\n<\/tr>\n<tr>\n<td>\u00a0\u00a0\u00a0FEUILLE DE ROUTE<\/td>\n<td><a href=\"http:\/\/www.teamdelux.be\/v2\/wp-content\/uploads\/BRM200_parcours_2026.pdf\" target=\"_blank\" rel=\"noopener\"><img loading=\"lazy\" decoding=\"async\" class=\"aligncenter wp-image-233 size-full\" src=\"http:\/\/www.teamdelux.be\/v2\/wp-content\/uploads\/pdf.png\" alt=\"PDF\" width=\"79\" height=\"60\" \/><\/a><\/td>\n<\/tr>\n<\/tbody>\n<\/table>\n<p data-wp-editing=\"1\">Voici la TRACE et le profil du BRM 200 du site Openrunner :<\/p>\n<p><iframe width=\"100%\" height=\"650\" loading=\"lazy\" src=\"https:\/\/www.openrunner.com\/embed.html?code=2f5348356677644a3675737154682f6b697374636f513d3d3a3a1551c32dfbd687b5a1f72bf01ca08ba5&#038;lang=fr&#038;unit=metric\" style=\"border: none;\"><\/iframe><\/p>\n\n<br\/>\n<br\/>\n<br\/>\n<p> Voici la trace et le profil de la version de 110 kms, la s\u00e9paration avec le 200 kms aura lieu juste avant Thibessart au km 60 :<\/p>\n<iframe width=\"100%\" height=\"650\" loading=\"lazy\" src=\"https:\/\/www.openrunner.com\/embed.html?code=2f302f4a49666a2b4350475049634d544f56553966673d3d3a3ad418fe84c36d650114a6294012cd6fef&#038;lang=fr&#038;unit=metric\" style=\"border: none;\"><\/iframe>\n<br\/>\n<br\/>\n<p>Cette page a \u00e9t\u00e9 mise \u00e0 jour le 12\/02\/2026.<\/p>\n<\/div>\n<\/div>\n","protected":false},"excerpt":{"rendered":"<p>Le trac\u00e9 a \u00e9t\u00e9 quelque peu modifi\u00e9 par rapport aux \u00e9ditions pr\u00e9c\u00e9dentes, afin d&rsquo;\u00e9viter des axes trop fr\u00e9quent\u00e9s. Nouveaut\u00e9 de 2026 : pour ceux qui voudraient rouler mais ne veulent\/peuvent pas faire les 200 kms du BRM, nous proposons une version plus courte de 110 kms dont les 60 premiers kms sont communs (voir en &hellip; <a href=\"https:\/\/www.teamdelux.be\/v2\/brm\/brm-200\/\" class=\"more-link\">Continuer la lecture de <span class=\"screen-reader-text\">BRM 200 : La Jos\u00e9 Cambrai<\/span> <span class=\"meta-nav\">&rarr;<\/span><\/a><\/p>\n","protected":false},"author":1,"featured_media":0,"parent":21,"menu_order":0,"comment_status":"closed","ping_status":"closed","template":"","meta":{"footnotes":""},"class_list":["post-62","page","type-page","status-publish","hentry"],"_links":{"self":[{"href":"https:\/\/www.teamdelux.be\/v2\/wp-json\/wp\/v2\/pages\/62","targetHints":{"allow":["GET"]}}],"collection":[{"href":"https:\/\/www.teamdelux.be\/v2\/wp-json\/wp\/v2\/pages"}],"about":[{"href":"https:\/\/www.teamdelux.be\/v2\/wp-json\/wp\/v2\/types\/page"}],"author":[{"embeddable":true,"href":"https:\/\/www.teamdelux.be\/v2\/wp-json\/wp\/v2\/users\/1"}],"replies":[{"embeddable":true,"href":"https:\/\/www.teamdelux.be\/v2\/wp-json\/wp\/v2\/comments?post=62"}],"version-history":[{"count":92,"href":"https:\/\/www.teamdelux.be\/v2\/wp-json\/wp\/v2\/pages\/62\/revisions"}],"predecessor-version":[{"id":1115,"href":"https:\/\/www.teamdelux.be\/v2\/wp-json\/wp\/v2\/pages\/62\/revisions\/1115"}],"up":[{"embeddable":true,"href":"https:\/\/www.teamdelux.be\/v2\/wp-json\/wp\/v2\/pages\/21"}],"wp:attachment":[{"href":"https:\/\/www.teamdelux.be\/v2\/wp-json\/wp\/v2\/media?parent=62"}],"curies":[{"name":"wp","href":"https:\/\/api.w.org\/{rel}","templated":true}]}}